{"id":961,"date":"2023-04-04T14:47:30","date_gmt":"2023-04-04T12:47:30","guid":{"rendered":"http:\/\/advlog.pl\/?page_id=961"},"modified":"2024-12-29T18:14:00","modified_gmt":"2024-12-29T17:14:00","slug":"testy-motocykli","status":"publish","type":"page","link":"https:\/\/luxmot.pl\/blog\/testy-motocykli\/","title":{"rendered":"Testy Motocykli"},"content":{"rendered":"\n<p>Testy Motocykli &#8211; szukasz opinii o interesuj\u0105cym ci\u0119 modelu? Sprawd\u017a tutaj, prawdopodobnie nim je\u017adzili\u015bmy!<\/p>\n\n\n\n<p><\/p>\n","protected":false},"excerpt":{"rendered":"<p>Testy Motocykli &#8211; szukasz opinii o interesuj\u0105cym ci\u0119 modelu? Sprawd\u017a tutaj, prawdopodobnie nim je\u017adzili\u015bmy!<\/p>\n","protected":false},"author":1,"featured_media":2165,"parent":0,"menu_order":0,"comment_status":"closed","ping_status":"closed","template":"","meta":{"footnotes":""},"class_list":["post-961","page","type-page","status-publish","has-post-thumbnail","czr-hentry"],"jetpack_sharing_enabled":true,"jetpack_likes_enabled":true,"_links":{"self":[{"href":"https:\/\/luxmot.pl\/blog\/wp-json\/wp\/v2\/pages\/961","targetHints":{"allow":["GET"]}}],"collection":[{"href":"https:\/\/luxmot.pl\/blog\/wp-json\/wp\/v2\/pages"}],"about":[{"href":"https:\/\/luxmot.pl\/blog\/wp-json\/wp\/v2\/types\/page"}],"author":[{"embeddable":true,"href":"https:\/\/luxmot.pl\/blog\/wp-json\/wp\/v2\/users\/1"}],"replies":[{"embeddable":true,"href":"https:\/\/luxmot.pl\/blog\/wp-json\/wp\/v2\/comments?post=961"}],"version-history":[{"count":0,"href":"https:\/\/luxmot.pl\/blog\/wp-json\/wp\/v2\/pages\/961\/revisions"}],"wp:featuredmedia":[{"embeddable":true,"href":"https:\/\/luxmot.pl\/blog\/wp-json\/wp\/v2\/media\/2165"}],"wp:attachment":[{"href":"https:\/\/luxmot.pl\/blog\/wp-json\/wp\/v2\/media?parent=961"}],"curies":[{"name":"wp","href":"https:\/\/api.w.org\/{rel}","templated":true}]}}